{"id":5889,"date":"2025-09-10T13:53:31","date_gmt":"2025-09-10T13:53:31","guid":{"rendered":"https:\/\/asmp.swiss\/espace-membres\/"},"modified":"2026-01-22T08:02:14","modified_gmt":"2026-01-22T08:02:14","slug":"espace-membres","status":"publish","type":"page","link":"https:\/\/asmp.swiss\/fr\/espace-membres\/","title":{"rendered":"Espace membres"},"content":{"rendered":"\t\t<div data-elementor-type=\"wp-page\" data-elementor-id=\"5889\" class=\"elementor elementor-5889 elementor-5227\" data-elementor-post-type=\"page\">\n\t\t\t\t<div class=\"elementor-element elementor-element-ee25c7e e-flex e-con-boxed e-con e-parent\" data-id=\"ee25c7e\" data-element_type=\"container\" data-e-type=\"container\">\n\t\t\t\t\t<div class=\"e-con-inner\">\n\t\t\t\t<div class=\"elementor-element elementor-element-0f2708e elementor-absolute fondosfumato animated-slow elementor-invisible elementor-widget elementor-widget-image\" data-id=\"0f2708e\" data-element_type=\"widget\" data-e-type=\"widget\" data-settings=\"{&quot;_position&quot;:&quot;absolute&quot;,&quot;_animation&quot;:&quot;fadeIn&quot;}\" data-widget_type=\"image.default\">\n\t\t\t\t\t\t\t\t\t\t\t\t\t\t\t<img fetchpriority=\"high\" decoding=\"async\" width=\"1080\" height=\"1080\" src=\"https:\/\/asmp.swiss\/wp-content\/uploads\/2025\/09\/ASMP_sfumatura_capitoli4.png\" class=\"attachment-full size-full wp-image-5885\" alt=\"\" srcset=\"https:\/\/asmp.swiss\/wp-content\/uploads\/2025\/09\/ASMP_sfumatura_capitoli4.png 1080w, https:\/\/asmp.swiss\/wp-content\/uploads\/2025\/09\/ASMP_sfumatura_capitoli4-300x300.png 300w, https:\/\/asmp.swiss\/wp-content\/uploads\/2025\/09\/ASMP_sfumatura_capitoli4-1024x1024.png 1024w, https:\/\/asmp.swiss\/wp-content\/uploads\/2025\/09\/ASMP_sfumatura_capitoli4-150x150.png 150w, https:\/\/asmp.swiss\/wp-content\/uploads\/2025\/09\/ASMP_sfumatura_capitoli4-768x768.png 768w\" sizes=\"(max-width: 1080px) 100vw, 1080px\" \/>\t\t\t\t\t\t\t\t\t\t\t\t\t\t\t<\/div>\n\t\t\t\t<div class=\"elementor-element elementor-element-c42d7b4 elementor-invisible elementor-widget elementor-widget-heading\" data-id=\"c42d7b4\" data-element_type=\"widget\" data-e-type=\"widget\" data-settings=\"{&quot;_animation&quot;:&quot;fadeIn&quot;,&quot;_animation_delay&quot;:500}\" data-widget_type=\"heading.default\">\n\t\t\t\t\t<h1 class=\"elementor-heading-title elementor-size-default\">Espace r\u00e9serv\u00e9<\/h1>\t\t\t\t<\/div>\n\t\t\t\t\t<\/div>\n\t\t\t\t<\/div>\n\t\t<div class=\"elementor-element elementor-element-ba0091a e-flex e-con-boxed e-con e-parent\" data-id=\"ba0091a\" data-element_type=\"container\" data-e-type=\"container\">\n\t\t\t\t\t<div class=\"e-con-inner\">\n\t\t<div class=\"elementor-element elementor-element-45640a7 e-grid e-con-full e-con e-child\" data-id=\"45640a7\" data-element_type=\"container\" data-e-type=\"container\">\n\t\t<div class=\"elementor-element elementor-element-32e87bf e-con-full e-flex e-con e-child\" data-id=\"32e87bf\" data-element_type=\"container\" data-e-type=\"container\" data-settings=\"{&quot;background_background&quot;:&quot;classic&quot;}\">\n\t\t\t\t<div class=\"elementor-element elementor-element-ffaae1b elementor-widget elementor-widget-heading\" data-id=\"ffaae1b\" data-element_type=\"widget\" data-e-type=\"widget\" data-widget_type=\"heading.default\">\n\t\t\t\t\t<h2 class=\"elementor-heading-title elementor-size-default\">Espace membres<\/h2>\t\t\t\t<\/div>\n\t\t\t\t<div class=\"elementor-element elementor-element-84a74d7 elementor-widget elementor-widget-text-editor\" data-id=\"84a74d7\" data-element_type=\"widget\" data-e-type=\"widget\" data-widget_type=\"text-editor.default\">\n\t\t\t\t\t\t\t\t\t<p>Entrez vos identifiants pour acc\u00e9der aux contenus r\u00e9serv\u00e9s aux membres de l\u2019association.<\/p>\t\t\t\t\t\t\t\t<\/div>\n\t\t\t\t<div class=\"elementor-element elementor-element-285df66 iconanera elementor-widget elementor-widget-button\" data-id=\"285df66\" data-element_type=\"widget\" data-e-type=\"widget\" data-widget_type=\"button.default\">\n\t\t\t\t\t\t\t\t\t\t<a class=\"elementor-button elementor-button-link elementor-size-sm\" href=\"https:\/\/kdrive.asmp.swiss\/app\/share\/1822622\/be364998-24b5-42b8-b3c9-a763babb6ce6\" target=\"_blank\">\n\t\t\t\t\t\t<span class=\"elementor-button-content-wrapper\">\n\t\t\t\t\t\t<span class=\"elementor-button-icon\">\n\t\t\t\t<i aria-hidden=\"true\" class=\"asmpfreccie asmpfreccie-ASMP_freccia1\"><\/i>\t\t\t<\/span>\n\t\t\t\t\t\t\t\t\t<span class=\"elementor-button-text\">Se connecter<\/span>\n\t\t\t\t\t<\/span>\n\t\t\t\t\t<\/a>\n\t\t\t\t\t\t\t\t<\/div>\n\t\t\t\t<\/div>\n\t\t<div class=\"elementor-element elementor-element-b4fcf47 e-con-full e-flex e-con e-child\" data-id=\"b4fcf47\" data-element_type=\"container\" data-e-type=\"container\" data-settings=\"{&quot;background_background&quot;:&quot;classic&quot;}\">\n\t\t\t\t<div class=\"elementor-element elementor-element-f331e49 elementor-widget elementor-widget-heading\" data-id=\"f331e49\" data-element_type=\"widget\" data-e-type=\"widget\" data-widget_type=\"heading.default\">\n\t\t\t\t\t<h2 class=\"elementor-heading-title elementor-size-default\">Espace Conseil<\/h2>\t\t\t\t<\/div>\n\t\t\t\t<div class=\"elementor-element elementor-element-aeee03d elementor-widget elementor-widget-text-editor\" data-id=\"aeee03d\" data-element_type=\"widget\" data-e-type=\"widget\" data-widget_type=\"text-editor.default\">\n\t\t\t\t\t\t\t\t\t<p>Entrez vos identifiants pour acc\u00e9der aux contenus r\u00e9serv\u00e9s aux membres du Conseil.<\/p>\t\t\t\t\t\t\t\t<\/div>\n\t\t\t\t<div class=\"elementor-element elementor-element-28c410e iconanera elementor-widget elementor-widget-button\" data-id=\"28c410e\" data-element_type=\"widget\" data-e-type=\"widget\" data-widget_type=\"button.default\">\n\t\t\t\t\t\t\t\t\t\t<a class=\"elementor-button elementor-button-link elementor-size-sm\" href=\"https:\/\/kdrive.asmp.swiss\/app\/share\/1822622\/f2b262b1-d060-411b-808b-3159e0166253\" target=\"_blank\">\n\t\t\t\t\t\t<span class=\"elementor-button-content-wrapper\">\n\t\t\t\t\t\t<span class=\"elementor-button-icon\">\n\t\t\t\t<i aria-hidden=\"true\" class=\"asmpfreccie asmpfreccie-ASMP_freccia1\"><\/i>\t\t\t<\/span>\n\t\t\t\t\t\t\t\t\t<span class=\"elementor-button-text\">Se connecter<\/span>\n\t\t\t\t\t<\/span>\n\t\t\t\t\t<\/a>\n\t\t\t\t\t\t\t\t<\/div>\n\t\t\t\t<\/div>\n\t\t\t\t<\/div>\n\t\t\t\t\t<\/div>\n\t\t\t\t<\/div>\n\t\t<div class=\"elementor-element elementor-element-555acff e-flex e-con-boxed e-con e-parent\" data-id=\"555acff\" data-element_type=\"container\" data-e-type=\"container\">\n\t\t\t\t\t<div class=\"e-con-inner\">\n\t\t\t\t<div class=\"elementor-element elementor-element-da888ad elementor-widget elementor-widget-global elementor-global-165 elementor-widget-spacer\" data-id=\"da888ad\" data-element_type=\"widget\" data-e-type=\"widget\" data-widget_type=\"spacer.default\">\n\t\t\t\t\t\t\t<div class=\"elementor-spacer\">\n\t\t\t<div class=\"elementor-spacer-inner\"><\/div>\n\t\t<\/div>\n\t\t\t\t\t\t<\/div>\n\t\t\t\t\t<\/div>\n\t\t\t\t<\/div>\n\t\t\t\t<\/div>\n\t\t","protected":false},"excerpt":{"rendered":"<p>Espace r\u00e9serv\u00e9 Espace membres Entrez vos identifiants pour acc\u00e9der aux contenus r\u00e9serv\u00e9s aux membres de l\u2019association. Se connecter Espace Conseil Entrez vos identifiants pour acc\u00e9der aux contenus r\u00e9serv\u00e9s aux membres du Conseil. Se connecter<\/p>\n","protected":false},"author":1,"featured_media":0,"parent":0,"menu_order":0,"comment_status":"closed","ping_status":"closed","template":"","meta":{"footnotes":""},"class_list":["post-5889","page","type-page","status-publish","hentry"],"_links":{"self":[{"href":"https:\/\/asmp.swiss\/fr\/wp-json\/wp\/v2\/pages\/5889","targetHints":{"allow":["GET"]}}],"collection":[{"href":"https:\/\/asmp.swiss\/fr\/wp-json\/wp\/v2\/pages"}],"about":[{"href":"https:\/\/asmp.swiss\/fr\/wp-json\/wp\/v2\/types\/page"}],"author":[{"embeddable":true,"href":"https:\/\/asmp.swiss\/fr\/wp-json\/wp\/v2\/users\/1"}],"replies":[{"embeddable":true,"href":"https:\/\/asmp.swiss\/fr\/wp-json\/wp\/v2\/comments?post=5889"}],"version-history":[{"count":2,"href":"https:\/\/asmp.swiss\/fr\/wp-json\/wp\/v2\/pages\/5889\/revisions"}],"predecessor-version":[{"id":6866,"href":"https:\/\/asmp.swiss\/fr\/wp-json\/wp\/v2\/pages\/5889\/revisions\/6866"}],"wp:attachment":[{"href":"https:\/\/asmp.swiss\/fr\/wp-json\/wp\/v2\/media?parent=5889"}],"curies":[{"name":"wp","href":"https:\/\/api.w.org\/{rel}","templated":true}]}}