{"id":5989,"date":"2025-09-04T14:11:02","date_gmt":"2025-09-04T14:11:02","guid":{"rendered":"https:\/\/asmp.swiss\/unsere-mitglieder\/"},"modified":"2026-02-05T08:41:31","modified_gmt":"2026-02-05T08:41:31","slug":"unsere-mitglieder","status":"publish","type":"page","link":"https:\/\/asmp.swiss\/de\/unsere-mitglieder\/","title":{"rendered":"Unsere Mitglieder"},"content":{"rendered":"\t\t<div data-elementor-type=\"wp-page\" data-elementor-id=\"5989\" class=\"elementor elementor-5989 elementor-1402\" data-elementor-post-type=\"page\">\n\t\t\t\t<div class=\"elementor-element elementor-element-ee25c7e e-flex e-con-boxed e-con e-parent\" data-id=\"ee25c7e\" data-element_type=\"container\" data-e-type=\"container\">\n\t\t\t\t\t<div class=\"e-con-inner\">\n\t\t\t\t<div class=\"elementor-element elementor-element-0f2708e elementor-absolute fondosfumato animated-slow e-transform elementor-invisible elementor-widget elementor-widget-image\" data-id=\"0f2708e\" data-element_type=\"widget\" data-e-type=\"widget\" data-settings=\"{&quot;_position&quot;:&quot;absolute&quot;,&quot;_transform_rotateZ_effect&quot;:{&quot;unit&quot;:&quot;px&quot;,&quot;size&quot;:110,&quot;sizes&quot;:[]},&quot;_animation&quot;:&quot;fadeIn&quot;,&quot;_transform_rotateZ_effect_laptop&quot;:{&quot;unit&quot;:&quot;deg&quot;,&quot;size&quot;:&quot;&quot;,&quot;sizes&quot;:[]},&quot;_transform_rotateZ_effect_tablet&quot;:{&quot;unit&quot;:&quot;deg&quot;,&quot;size&quot;:&quot;&quot;,&quot;sizes&quot;:[]},&quot;_transform_rotateZ_effect_mobile&quot;:{&quot;unit&quot;:&quot;deg&quot;,&quot;size&quot;:&quot;&quot;,&quot;sizes&quot;:[]}}\" data-widget_type=\"image.default\">\n\t\t\t\t\t\t\t\t\t\t\t\t\t\t\t<img fetchpriority=\"high\" decoding=\"async\" width=\"1080\" height=\"1080\" src=\"https:\/\/asmp.swiss\/wp-content\/uploads\/2025\/09\/ASMP_sfumatura_capitoli.png\" class=\"attachment-full size-full wp-image-5967\" alt=\"\" srcset=\"https:\/\/asmp.swiss\/wp-content\/uploads\/2025\/09\/ASMP_sfumatura_capitoli.png 1080w, https:\/\/asmp.swiss\/wp-content\/uploads\/2025\/09\/ASMP_sfumatura_capitoli-300x300.png 300w, https:\/\/asmp.swiss\/wp-content\/uploads\/2025\/09\/ASMP_sfumatura_capitoli-1024x1024.png 1024w, https:\/\/asmp.swiss\/wp-content\/uploads\/2025\/09\/ASMP_sfumatura_capitoli-150x150.png 150w, https:\/\/asmp.swiss\/wp-content\/uploads\/2025\/09\/ASMP_sfumatura_capitoli-768x768.png 768w\" sizes=\"(max-width: 1080px) 100vw, 1080px\" \/>\t\t\t\t\t\t\t\t\t\t\t\t\t\t\t<\/div>\n\t\t\t\t<div class=\"elementor-element elementor-element-cc87c46 elementor-invisible elementor-widget elementor-widget-heading\" data-id=\"cc87c46\" data-element_type=\"widget\" data-e-type=\"widget\" data-settings=\"{&quot;_animation&quot;:&quot;fadeIn&quot;,&quot;_animation_delay&quot;:500}\" data-widget_type=\"heading.default\">\n\t\t\t\t\t<div class=\"elementor-heading-title elementor-size-default\">Unsere Mitglieder<\/div>\t\t\t\t<\/div>\n\t\t\t\t<div class=\"elementor-element elementor-element-c42d7b4 elementor-invisible elementor-widget elementor-widget-heading\" data-id=\"c42d7b4\" data-element_type=\"widget\" data-e-type=\"widget\" data-settings=\"{&quot;_animation&quot;:&quot;fadeIn&quot;,&quot;_animation_delay&quot;:500}\" data-widget_type=\"heading.default\">\n\t\t\t\t\t<h1 class=\"elementor-heading-title elementor-size-default\">F\u00fchrende<br>Unternehmen auf dem<br>Edelmetallmarkt<\/h1>\t\t\t\t<\/div>\n\t\t\t\t<div class=\"elementor-element elementor-element-7729a1a elementor-widget__width-initial elementor-invisible elementor-widget elementor-widget-text-editor\" data-id=\"7729a1a\" data-element_type=\"widget\" data-e-type=\"widget\" data-settings=\"{&quot;_animation&quot;:&quot;fadeIn&quot;,&quot;_animation_delay&quot;:500}\" data-widget_type=\"text-editor.default\">\n\t\t\t\t\t\t\t\t\t<p>Die ASMP vereint 16 f\u00fchrende Unternehmen aus dem Edelmetallbereich. Ihre Mitglieder repr\u00e4sentieren den Gro\u00dfteil der in der Schweiz raffinierten und verarbeiteten Edelmetalle aus. <\/p>\t\t\t\t\t\t\t\t<\/div>\n\t\t<div class=\"elementor-element elementor-element-4004e17 e-con-full elementor-hidden-mobile e-flex e-con e-child\" data-id=\"4004e17\" data-element_type=\"container\" data-e-type=\"container\" data-settings=\"{&quot;position&quot;:&quot;absolute&quot;}\">\n\t\t\t\t<div class=\"elementor-element elementor-element-fae3c2d icon elementor-view-default elementor-widget elementor-widget-icon\" data-id=\"fae3c2d\" data-element_type=\"widget\" data-e-type=\"widget\" data-widget_type=\"icon.default\">\n\t\t\t\t\t\t\t<div class=\"elementor-icon-wrapper\">\n\t\t\t<a class=\"elementor-icon\" href=\"#frecciascroll\">\n\t\t\t<i aria-hidden=\"true\" class=\"asmpfreccie asmpfreccie-ASMP_freccia2\"><\/i>\t\t\t<\/a>\n\t\t<\/div>\n\t\t\t\t\t\t<\/div>\n\t\t\t\t<\/div>\n\t\t\t\t\t<\/div>\n\t\t\t\t<\/div>\n\t\t<div class=\"elementor-element elementor-element-0215012 e-flex e-con-boxed e-con e-parent\" data-id=\"0215012\" data-element_type=\"container\" data-e-type=\"container\">\n\t\t\t\t\t<div class=\"e-con-inner\">\n\t\t\t\t<div class=\"elementor-element elementor-element-7fb8936 elementor-widget elementor-widget-spacer\" data-id=\"7fb8936\" data-element_type=\"widget\" data-e-type=\"widget\" data-widget_type=\"spacer.default\">\n\t\t\t\t\t\t\t<div class=\"elementor-spacer\">\n\t\t\t<div class=\"elementor-spacer-inner\"><\/div>\n\t\t<\/div>\n\t\t\t\t\t\t<\/div>\n\t\t\t\t\t<\/div>\n\t\t\t\t<\/div>\n\t\t<div class=\"elementor-element elementor-element-cd39059 e-flex e-con-boxed e-con e-parent\" data-id=\"cd39059\" data-element_type=\"container\" data-e-type=\"container\" id=\"frecciascroll\">\n\t\t\t\t\t<div class=\"e-con-inner\">\n\t\t\t\t<div class=\"elementor-element elementor-element-92cc135 elementor-widget elementor-widget-heading\" data-id=\"92cc135\" data-element_type=\"widget\" data-e-type=\"widget\" data-widget_type=\"heading.default\">\n\t\t\t\t\t<h2 class=\"elementor-heading-title elementor-size-default\">Mitglieder<\/h2>\t\t\t\t<\/div>\n\t\t<div class=\"elementor-element elementor-element-33e0bfa e-grid e-con-full e-con e-child\" data-id=\"33e0bfa\" data-element_type=\"container\" data-e-type=\"container\">\n\t\t<div class=\"elementor-element elementor-element-1c034af e-con-full e-flex e-con e-child\" data-id=\"1c034af\" data-element_type=\"container\" data-e-type=\"container\">\n\t\t\t\t<div class=\"elementor-element elementor-element-afa5229 elementor-widget elementor-widget-image\" data-id=\"afa5229\" data-element_type=\"widget\" data-e-type=\"widget\" data-widget_type=\"image.default\">\n\t\t\t\t\t\t\t\t\t\t\t\t\t\t\t\t<a href=\"https:\/\/www.argor-heraeus.com\/en\/\" target=\"_blank\" rel=\"noopener\">\n\t\t\t\t\t\t\t<img decoding=\"async\" width=\"300\" height=\"140\" src=\"https:\/\/asmp.swiss\/wp-content\/uploads\/2025\/09\/ASMP_membri_Argor-heraeus.png\" class=\"attachment-full size-full wp-image-5907\" alt=\"\" \/>\t\t\t\t\t\t\t\t<\/a>\n\t\t\t\t\t\t\t\t\t\t\t\t\t\t\t<\/div>\n\t\t\t\t<\/div>\n\t\t<div class=\"elementor-element elementor-element-fafdbf9 e-con-full e-flex e-con e-child\" data-id=\"fafdbf9\" data-element_type=\"container\" data-e-type=\"container\">\n\t\t\t\t<div class=\"elementor-element elementor-element-6a938e6 elementor-widget elementor-widget-image\" data-id=\"6a938e6\" data-element_type=\"widget\" data-e-type=\"widget\" data-widget_type=\"image.default\">\n\t\t\t\t\t\t\t\t\t\t\t\t\t\t\t\t<a href=\"https:\/\/aurofin.ch\/\" target=\"_blank\" rel=\"noopener\">\n\t\t\t\t\t\t\t<img decoding=\"async\" width=\"300\" height=\"140\" src=\"https:\/\/asmp.swiss\/wp-content\/uploads\/2025\/09\/ASMP_membri_aurofin-sa.png\" class=\"attachment-full size-full wp-image-5908\" alt=\"\" \/>\t\t\t\t\t\t\t\t<\/a>\n\t\t\t\t\t\t\t\t\t\t\t\t\t\t\t<\/div>\n\t\t\t\t<\/div>\n\t\t<div class=\"elementor-element elementor-element-3542106 e-con-full e-flex e-con e-child\" data-id=\"3542106\" data-element_type=\"container\" data-e-type=\"container\">\n\t\t\t\t<div class=\"elementor-element elementor-element-54ef406 elementor-widget elementor-widget-image\" data-id=\"54ef406\" data-element_type=\"widget\" data-e-type=\"widget\" data-widget_type=\"image.default\">\n\t\t\t\t\t\t\t\t\t\t\t\t\t\t\t\t<a href=\"https:\/\/www.bficapital.com\/precious-metals\" target=\"_blank\" rel=\"noopener\">\n\t\t\t\t\t\t\t<img loading=\"lazy\" decoding=\"async\" width=\"300\" height=\"140\" src=\"https:\/\/asmp.swiss\/wp-content\/uploads\/2025\/09\/ASMP_membri_BFI.png\" class=\"attachment-full size-full wp-image-5909\" alt=\"\" \/>\t\t\t\t\t\t\t\t<\/a>\n\t\t\t\t\t\t\t\t\t\t\t\t\t\t\t<\/div>\n\t\t\t\t<\/div>\n\t\t<div class=\"elementor-element elementor-element-e8432a3 e-con-full e-flex e-con e-child\" data-id=\"e8432a3\" data-element_type=\"container\" data-e-type=\"container\">\n\t\t\t\t<div class=\"elementor-element elementor-element-ad95d1c elementor-widget elementor-widget-image\" data-id=\"ad95d1c\" data-element_type=\"widget\" data-e-type=\"widget\" data-widget_type=\"image.default\">\n\t\t\t\t\t\t\t\t\t\t\t\t\t\t\t\t<a href=\"https:\/\/www.cmsa.ch\/it\/\" target=\"_blank\" rel=\"noopener\">\n\t\t\t\t\t\t\t<img loading=\"lazy\" decoding=\"async\" width=\"300\" height=\"140\" src=\"https:\/\/asmp.swiss\/wp-content\/uploads\/2026\/02\/Logo_CMSA_new_2.png\" class=\"attachment-full size-full wp-image-7176\" alt=\"\" \/>\t\t\t\t\t\t\t\t<\/a>\n\t\t\t\t\t\t\t\t\t\t\t\t\t\t\t<\/div>\n\t\t\t\t<\/div>\n\t\t<div class=\"elementor-element elementor-element-6985355 e-con-full e-flex e-con e-child\" data-id=\"6985355\" data-element_type=\"container\" data-e-type=\"container\">\n\t\t\t\t<div class=\"elementor-element elementor-element-dfa28db elementor-widget elementor-widget-image\" data-id=\"dfa28db\" data-element_type=\"widget\" data-e-type=\"widget\" data-widget_type=\"image.default\">\n\t\t\t\t\t\t\t\t\t\t\t\t\t\t\t\t<a href=\"http:\/\/cendror.ch\/\" target=\"_blank\" rel=\"noopener\">\n\t\t\t\t\t\t\t<img loading=\"lazy\" decoding=\"async\" width=\"300\" height=\"140\" src=\"https:\/\/asmp.swiss\/wp-content\/uploads\/2025\/09\/ASMP_membri_cendror.png\" class=\"attachment-full size-full wp-image-5911\" alt=\"\" \/>\t\t\t\t\t\t\t\t<\/a>\n\t\t\t\t\t\t\t\t\t\t\t\t\t\t\t<\/div>\n\t\t\t\t<\/div>\n\t\t<div class=\"elementor-element elementor-element-2d40d89 e-con-full e-flex e-con e-child\" data-id=\"2d40d89\" data-element_type=\"container\" data-e-type=\"container\">\n\t\t\t\t<div class=\"elementor-element elementor-element-5329b58 elementor-widget elementor-widget-image\" data-id=\"5329b58\" data-element_type=\"widget\" data-e-type=\"widget\" data-widget_type=\"image.default\">\n\t\t\t\t\t\t\t\t\t\t\t\t\t\t\t\t<a href=\"https:\/\/www.ecometalsa.ch\/\" target=\"_blank\" rel=\"noopener\">\n\t\t\t\t\t\t\t<img loading=\"lazy\" decoding=\"async\" width=\"300\" height=\"140\" src=\"https:\/\/asmp.swiss\/wp-content\/uploads\/2025\/09\/ASMP_membri_ecometal.png\" class=\"attachment-full size-full wp-image-5912\" alt=\"\" \/>\t\t\t\t\t\t\t\t<\/a>\n\t\t\t\t\t\t\t\t\t\t\t\t\t\t\t<\/div>\n\t\t\t\t<\/div>\n\t\t<div class=\"elementor-element elementor-element-e1ec282 e-con-full e-flex e-con e-child\" data-id=\"e1ec282\" data-element_type=\"container\" data-e-type=\"container\">\n\t\t\t\t<div class=\"elementor-element elementor-element-7e53c67 elementor-widget elementor-widget-image\" data-id=\"7e53c67\" data-element_type=\"widget\" data-e-type=\"widget\" data-widget_type=\"image.default\">\n\t\t\t\t\t\t\t\t\t\t\t\t\t\t\t\t<a href=\"https:\/\/www.finemetal.ch\/\" target=\"_blank\" rel=\"noopener\">\n\t\t\t\t\t\t\t<img loading=\"lazy\" decoding=\"async\" width=\"300\" height=\"140\" src=\"https:\/\/asmp.swiss\/wp-content\/uploads\/2025\/09\/ASMP_membri_finemetal.png\" class=\"attachment-full size-full wp-image-5913\" alt=\"\" \/>\t\t\t\t\t\t\t\t<\/a>\n\t\t\t\t\t\t\t\t\t\t\t\t\t\t\t<\/div>\n\t\t\t\t<\/div>\n\t\t<div class=\"elementor-element elementor-element-da38f10 e-con-full e-flex e-con e-child\" data-id=\"da38f10\" data-element_type=\"container\" data-e-type=\"container\">\n\t\t\t\t<div class=\"elementor-element elementor-element-1b1e17c elementor-widget elementor-widget-image\" data-id=\"1b1e17c\" data-element_type=\"widget\" data-e-type=\"widget\" data-widget_type=\"image.default\">\n\t\t\t\t\t\t\t\t\t\t\t\t\t\t\t\t<a href=\"https:\/\/metalor.com\/\" target=\"_blank\" rel=\"noopener\">\n\t\t\t\t\t\t\t<img loading=\"lazy\" decoding=\"async\" width=\"300\" height=\"140\" src=\"https:\/\/asmp.swiss\/wp-content\/uploads\/2025\/09\/ASMP_membri_metalor.png\" class=\"attachment-full size-full wp-image-5914\" alt=\"\" \/>\t\t\t\t\t\t\t\t<\/a>\n\t\t\t\t\t\t\t\t\t\t\t\t\t\t\t<\/div>\n\t\t\t\t<\/div>\n\t\t<div class=\"elementor-element elementor-element-57765bc e-con-full e-flex e-con e-child\" data-id=\"57765bc\" data-element_type=\"container\" data-e-type=\"container\">\n\t\t\t\t<div class=\"elementor-element elementor-element-6b30732 elementor-widget elementor-widget-image\" data-id=\"6b30732\" data-element_type=\"widget\" data-e-type=\"widget\" data-widget_type=\"image.default\">\n\t\t\t\t\t\t\t\t\t\t\t\t\t\t\t\t<a href=\"https:\/\/www.mkspamp.com\/\" target=\"_blank\" rel=\"noopener\">\n\t\t\t\t\t\t\t<img loading=\"lazy\" decoding=\"async\" width=\"300\" height=\"140\" src=\"https:\/\/asmp.swiss\/wp-content\/uploads\/2025\/09\/ASMP_membri_MKS-PAMP.png\" class=\"attachment-full size-full wp-image-5915\" alt=\"\" \/>\t\t\t\t\t\t\t\t<\/a>\n\t\t\t\t\t\t\t\t\t\t\t\t\t\t\t<\/div>\n\t\t\t\t<\/div>\n\t\t<div class=\"elementor-element elementor-element-7a7fbe6 e-con-full e-flex e-con e-child\" data-id=\"7a7fbe6\" data-element_type=\"container\" data-e-type=\"container\">\n\t\t\t\t<div class=\"elementor-element elementor-element-6fcc986 elementor-widget elementor-widget-image\" data-id=\"6fcc986\" data-element_type=\"widget\" data-e-type=\"widget\" data-widget_type=\"image.default\">\n\t\t\t\t\t\t\t\t\t\t\t\t\t\t\t\t<a href=\"https:\/\/philoro.ch\/\" target=\"_blank\" rel=\"noopener\">\n\t\t\t\t\t\t\t<img loading=\"lazy\" decoding=\"async\" width=\"300\" height=\"140\" src=\"https:\/\/asmp.swiss\/wp-content\/uploads\/2025\/09\/ASMP_membri_philoro.png\" class=\"attachment-full size-full wp-image-5916\" alt=\"\" \/>\t\t\t\t\t\t\t\t<\/a>\n\t\t\t\t\t\t\t\t\t\t\t\t\t\t\t<\/div>\n\t\t\t\t<\/div>\n\t\t<div class=\"elementor-element elementor-element-e3deafe e-con-full e-flex e-con e-child\" data-id=\"e3deafe\" data-element_type=\"container\" data-e-type=\"container\">\n\t\t\t\t<div class=\"elementor-element elementor-element-d4baf09 elementor-widget elementor-widget-image\" data-id=\"d4baf09\" data-element_type=\"widget\" data-e-type=\"widget\" data-widget_type=\"image.default\">\n\t\t\t\t\t\t\t\t\t\t\t\t\t\t\t\t<a href=\"https:\/\/pxgroup.com\/\" target=\"_blank\" rel=\"noopener\">\n\t\t\t\t\t\t\t<img loading=\"lazy\" decoding=\"async\" width=\"300\" height=\"140\" src=\"https:\/\/asmp.swiss\/wp-content\/uploads\/2025\/09\/ASMP_membri_PX-precinox.png\" class=\"attachment-full size-full wp-image-5917\" alt=\"\" \/>\t\t\t\t\t\t\t\t<\/a>\n\t\t\t\t\t\t\t\t\t\t\t\t\t\t\t<\/div>\n\t\t\t\t<\/div>\n\t\t<div class=\"elementor-element elementor-element-fddaba7 e-con-full e-flex e-con e-child\" data-id=\"fddaba7\" data-element_type=\"container\" data-e-type=\"container\">\n\t\t\t\t<div class=\"elementor-element elementor-element-6e2cdf0 elementor-widget elementor-widget-image\" data-id=\"6e2cdf0\" data-element_type=\"widget\" data-e-type=\"widget\" data-widget_type=\"image.default\">\n\t\t\t\t\t\t\t\t\t\t\t\t\t\t\t\t<a href=\"https:\/\/www.proaurum.de\/\" target=\"_blank\" rel=\"noopener\">\n\t\t\t\t\t\t\t<img loading=\"lazy\" decoding=\"async\" width=\"300\" height=\"140\" src=\"https:\/\/asmp.swiss\/wp-content\/uploads\/2025\/09\/ASMP_membri_pro-aurum.png\" class=\"attachment-full size-full wp-image-5918\" alt=\"\" \/>\t\t\t\t\t\t\t\t<\/a>\n\t\t\t\t\t\t\t\t\t\t\t\t\t\t\t<\/div>\n\t\t\t\t<\/div>\n\t\t<div class=\"elementor-element elementor-element-5a15144 e-con-full e-flex e-con e-child\" data-id=\"5a15144\" data-element_type=\"container\" data-e-type=\"container\">\n\t\t\t\t<div class=\"elementor-element elementor-element-7978246 elementor-widget elementor-widget-image\" data-id=\"7978246\" data-element_type=\"widget\" data-e-type=\"widget\" data-widget_type=\"image.default\">\n\t\t\t\t\t\t\t\t\t\t\t\t\t\t\t\t<a href=\"https:\/\/www.raiffeisen.ch\/rch\/it.html\" target=\"_blank\" rel=\"noopener\">\n\t\t\t\t\t\t\t<img loading=\"lazy\" decoding=\"async\" width=\"300\" height=\"140\" src=\"https:\/\/asmp.swiss\/wp-content\/uploads\/2025\/09\/ASMP_membri_raiffeisen.png\" class=\"attachment-full size-full wp-image-5919\" alt=\"\" \/>\t\t\t\t\t\t\t\t<\/a>\n\t\t\t\t\t\t\t\t\t\t\t\t\t\t\t<\/div>\n\t\t\t\t<\/div>\n\t\t<div class=\"elementor-element elementor-element-387e4d3 e-con-full e-flex e-con e-child\" data-id=\"387e4d3\" data-element_type=\"container\" data-e-type=\"container\">\n\t\t\t\t<div class=\"elementor-element elementor-element-ddf6527 elementor-widget elementor-widget-image\" data-id=\"ddf6527\" data-element_type=\"widget\" data-e-type=\"widget\" data-widget_type=\"image.default\">\n\t\t\t\t\t\t\t\t\t\t\t\t\t\t\t\t<a href=\"https:\/\/www.sarrecycling.ch\/\" target=\"_blank\" rel=\"noopener\">\n\t\t\t\t\t\t\t<img loading=\"lazy\" decoding=\"async\" width=\"300\" height=\"140\" src=\"https:\/\/asmp.swiss\/wp-content\/uploads\/2025\/09\/ASMP_membri_SAR.png\" class=\"attachment-full size-full wp-image-5920\" alt=\"\" \/>\t\t\t\t\t\t\t\t<\/a>\n\t\t\t\t\t\t\t\t\t\t\t\t\t\t\t<\/div>\n\t\t\t\t<\/div>\n\t\t<div class=\"elementor-element elementor-element-a785e4f e-con-full e-flex e-con e-child\" data-id=\"a785e4f\" data-element_type=\"container\" data-e-type=\"container\">\n\t\t\t\t<div class=\"elementor-element elementor-element-dc94b2f elementor-widget elementor-widget-image\" data-id=\"dc94b2f\" data-element_type=\"widget\" data-e-type=\"widget\" data-widget_type=\"image.default\">\n\t\t\t\t\t\t\t\t\t\t\t\t\t\t\t\t<a href=\"https:\/\/www.ubs.com\/ch\/it.html\" target=\"_blank\" rel=\"noopener\">\n\t\t\t\t\t\t\t<img loading=\"lazy\" decoding=\"async\" width=\"300\" height=\"140\" src=\"https:\/\/asmp.swiss\/wp-content\/uploads\/2025\/09\/ASMP_membri_UBS.png\" class=\"attachment-full size-full wp-image-5921\" alt=\"\" \/>\t\t\t\t\t\t\t\t<\/a>\n\t\t\t\t\t\t\t\t\t\t\t\t\t\t\t<\/div>\n\t\t\t\t<\/div>\n\t\t<div class=\"elementor-element elementor-element-df431fd e-con-full e-flex e-con e-child\" data-id=\"df431fd\" data-element_type=\"container\" data-e-type=\"container\">\n\t\t\t\t<div class=\"elementor-element elementor-element-6fbc72b elementor-widget elementor-widget-image\" data-id=\"6fbc72b\" data-element_type=\"widget\" data-e-type=\"widget\" data-widget_type=\"image.default\">\n\t\t\t\t\t\t\t\t\t\t\t\t\t\t\t<img loading=\"lazy\" decoding=\"async\" width=\"300\" height=\"140\" src=\"https:\/\/asmp.swiss\/wp-content\/uploads\/2025\/09\/ASMP_membri_varinor.png\" class=\"attachment-full size-full wp-image-5922\" alt=\"\" \/>\t\t\t\t\t\t\t\t\t\t\t\t\t\t\t<\/div>\n\t\t\t\t<\/div>\n\t\t\t\t<\/div>\n\t\t\t\t\t<\/div>\n\t\t\t\t<\/div>\n\t\t<div class=\"elementor-element elementor-element-555acff e-flex e-con-boxed e-con e-parent\" data-id=\"555acff\" data-element_type=\"container\" data-e-type=\"container\">\n\t\t\t\t\t<div class=\"e-con-inner\">\n\t\t\t\t<div class=\"elementor-element elementor-element-da888ad elementor-widget elementor-widget-global elementor-global-165 elementor-widget-spacer\" data-id=\"da888ad\" data-element_type=\"widget\" data-e-type=\"widget\" data-widget_type=\"spacer.default\">\n\t\t\t\t\t\t\t<div class=\"elementor-spacer\">\n\t\t\t<div class=\"elementor-spacer-inner\"><\/div>\n\t\t<\/div>\n\t\t\t\t\t\t<\/div>\n\t\t\t\t\t<\/div>\n\t\t\t\t<\/div>\n\t\t<div class=\"elementor-element elementor-element-d4ea506 e-con-full e-flex e-con e-parent\" data-id=\"d4ea506\" data-element_type=\"container\" data-e-type=\"container\">\n\t\t<div class=\"elementor-element elementor-element-37d83eb e-flex e-con-boxed e-con e-child\" data-id=\"37d83eb\" data-element_type=\"container\" data-e-type=\"container\" data-settings=\"{&quot;background_background&quot;:&quot;video&quot;,&quot;background_video_link&quot;:&quot;https:\\\/\\\/asmp.swiss\\\/wp-content\\\/uploads\\\/2025\\\/08\\\/background-1749048764821.webm&quot;,&quot;background_play_on_mobile&quot;:&quot;yes&quot;}\">\n\t\t\t\t\t<div class=\"e-con-inner\">\n\t\t<div class=\"elementor-background-video-container\">\n\t\t\t\t\t\t\t<video class=\"elementor-background-video-hosted\" role=\"presentation\" autoplay muted playsinline loop><\/video>\n\t\t\t\t\t<\/div>\t\t<div class=\"elementor-element elementor-element-54d2cca elementor-widget elementor-widget-heading\" data-id=\"54d2cca\" data-element_type=\"widget\" data-e-type=\"widget\" data-widget_type=\"heading.default\">\n\t\t\t\t\t<h2 class=\"elementor-heading-title elementor-size-default\">Ihr Unternehmen m\u00f6chte Mitglied unserer Vereinigung werden?<\/h2>\t\t\t\t<\/div>\n\t\t\t\t<div class=\"elementor-element elementor-element-37ef9b8 iconanera animated-slow elementor-invisible elementor-widget elementor-widget-button\" data-id=\"37ef9b8\" data-element_type=\"widget\" data-e-type=\"widget\" data-settings=\"{&quot;_animation&quot;:&quot;fadeInUp&quot;,&quot;_animation_delay&quot;:500}\" data-widget_type=\"button.default\">\n\t\t\t\t\t\t\t\t\t\t<a class=\"elementor-button elementor-button-link elementor-size-sm\" href=\"https:\/\/asmp.swiss\/de\/mitglied-werden\/\">\n\t\t\t\t\t\t<span class=\"elementor-button-content-wrapper\">\n\t\t\t\t\t\t<span class=\"elementor-button-icon\">\n\t\t\t\t<i aria-hidden=\"true\" class=\"asmpfreccie asmpfreccie-ASMP_freccia1\"><\/i>\t\t\t<\/span>\n\t\t\t\t\t\t\t\t\t<span class=\"elementor-button-text\">Mehr erfahren<\/span>\n\t\t\t\t\t<\/span>\n\t\t\t\t\t<\/a>\n\t\t\t\t\t\t\t\t<\/div>\n\t\t\t\t\t<\/div>\n\t\t\t\t<\/div>\n\t\t\t\t<\/div>\n\t\t<div class=\"elementor-element elementor-element-0ef9983 e-flex e-con-boxed e-con e-parent\" data-id=\"0ef9983\" data-element_type=\"container\" data-e-type=\"container\">\n\t\t\t\t\t<div class=\"e-con-inner\">\n\t\t\t\t<div class=\"elementor-element elementor-element-2ff9986 elementor-widget elementor-widget-spacer\" data-id=\"2ff9986\" data-element_type=\"widget\" data-e-type=\"widget\" data-widget_type=\"spacer.default\">\n\t\t\t\t\t\t\t<div class=\"elementor-spacer\">\n\t\t\t<div class=\"elementor-spacer-inner\"><\/div>\n\t\t<\/div>\n\t\t\t\t\t\t<\/div>\n\t\t\t\t\t<\/div>\n\t\t\t\t<\/div>\n\t\t\t\t<\/div>\n\t\t","protected":false},"excerpt":{"rendered":"<p>Unsere Mitglieder F\u00fchrendeUnternehmen auf demEdelmetallmarkt Die ASMP vereint 16 f\u00fchrende Unternehmen aus dem Edelmetallbereich. Ihre Mitglieder repr\u00e4sentieren den Gro\u00dfteil der in der Schweiz raffinierten und verarbeiteten Edelmetalle aus. Mitglieder Ihr Unternehmen m\u00f6chte Mitglied unserer Vereinigung werden? Mehr erfahren<\/p>\n","protected":false},"author":1,"featured_media":0,"parent":0,"menu_order":0,"comment_status":"closed","ping_status":"closed","template":"","meta":{"footnotes":""},"class_list":["post-5989","page","type-page","status-publish","hentry"],"_links":{"self":[{"href":"https:\/\/asmp.swiss\/de\/wp-json\/wp\/v2\/pages\/5989","targetHints":{"allow":["GET"]}}],"collection":[{"href":"https:\/\/asmp.swiss\/de\/wp-json\/wp\/v2\/pages"}],"about":[{"href":"https:\/\/asmp.swiss\/de\/wp-json\/wp\/v2\/types\/page"}],"author":[{"embeddable":true,"href":"https:\/\/asmp.swiss\/de\/wp-json\/wp\/v2\/users\/1"}],"replies":[{"embeddable":true,"href":"https:\/\/asmp.swiss\/de\/wp-json\/wp\/v2\/comments?post=5989"}],"version-history":[{"count":3,"href":"https:\/\/asmp.swiss\/de\/wp-json\/wp\/v2\/pages\/5989\/revisions"}],"predecessor-version":[{"id":7183,"href":"https:\/\/asmp.swiss\/de\/wp-json\/wp\/v2\/pages\/5989\/revisions\/7183"}],"wp:attachment":[{"href":"https:\/\/asmp.swiss\/de\/wp-json\/wp\/v2\/media?parent=5989"}],"curies":[{"name":"wp","href":"https:\/\/api.w.org\/{rel}","templated":true}]}}